{"id":2900,"date":"2024-11-19T11:43:08","date_gmt":"2024-11-19T11:43:08","guid":{"rendered":"https:\/\/cairo2026.aio-events.org\/conditions-dobtention-du-visa\/"},"modified":"2026-02-12T11:38:32","modified_gmt":"2026-02-12T11:38:32","slug":"conditions-dobtention-du-visa","status":"publish","type":"page","link":"https:\/\/cairo2026.aio-events.org\/fr\/conditions-dobtention-du-visa\/","title":{"rendered":"VISA"},"content":{"rendered":"\t\t<div data-elementor-type=\"wp-page\" data-elementor-id=\"2900\" class=\"elementor elementor-2900 elementor-2486\" data-elementor-post-type=\"page\">\n\t\t\t\t<div class=\"elementor-element elementor-element-3099216 e-flex e-con-boxed e-con e-parent\" data-id=\"3099216\" data-element_type=\"container\" data-e-type=\"container\">\n\t\t\t\t\t<div class=\"e-con-inner\">\n\t\t\t\t<div class=\"elementor-element elementor-element-3786a70 elementor-widget elementor-widget-image\" data-id=\"3786a70\" data-element_type=\"widget\" data-e-type=\"widget\" data-settings=\"{&quot;ekit_we_effect_on&quot;:&quot;none&quot;}\" data-widget_type=\"image.default\">\n\t\t\t\t<div class=\"elementor-widget-container\">\n\t\t\t\t\t\t\t\t\t\t\t\t\t\t\t<img fetchpriority=\"high\" decoding=\"async\" width=\"800\" height=\"270\" src=\"https:\/\/cairo2026.aio-events.org\/wp-content\/uploads\/sites\/5\/2025\/11\/Visa-requirement-fr-1024x345.png\" class=\"attachment-large size-large wp-image-5137\" alt=\"\" srcset=\"https:\/\/cairo2026.aio-events.org\/wp-content\/uploads\/sites\/5\/2025\/11\/Visa-requirement-fr-1024x345.png 1024w, https:\/\/cairo2026.aio-events.org\/wp-content\/uploads\/sites\/5\/2025\/11\/Visa-requirement-fr-300x101.png 300w, https:\/\/cairo2026.aio-events.org\/wp-content\/uploads\/sites\/5\/2025\/11\/Visa-requirement-fr-768x259.png 768w, https:\/\/cairo2026.aio-events.org\/wp-content\/uploads\/sites\/5\/2025\/11\/Visa-requirement-fr.png 1284w\" sizes=\"(max-width: 800px) 100vw, 800px\" \/>\t\t\t\t\t\t\t\t\t\t\t\t\t\t\t<\/div>\n\t\t\t\t<\/div>\n\t\t\t\t\t<\/div>\n\t\t\t\t<\/div>\n\t\t<div class=\"elementor-element elementor-element-d1eea50 e-flex e-con-boxed e-con e-parent\" data-id=\"d1eea50\" data-element_type=\"container\" data-e-type=\"container\">\n\t\t\t\t\t<div class=\"e-con-inner\">\n\t\t\t\t<div class=\"elementor-element elementor-element-916f505 elementor-widget elementor-widget-text-editor\" data-id=\"916f505\" data-element_type=\"widget\" data-e-type=\"widget\" data-settings=\"{&quot;ekit_we_effect_on&quot;:&quot;none&quot;}\" data-widget_type=\"text-editor.default\">\n\t\t\t\t<div class=\"elementor-widget-container\">\n\t\t\t\t\t\t\t\t\t<p><strong>Tous les pays sont tenus de demander un visa pour entrer en R\u00e9publique Arabe d&#8217;\u00c9gypte, \u00e0 l&#8217;exception de ceux dont les ressortissants peuvent obtenir un visa \u00e9lectronique ou un visa \u00e0 l&#8217;arriv\u00e9e, comme indiqu\u00e9 dans le tableau ci-dessous.<\/strong><\/p><p><span style=\"color: #0000ff;\">Les ressortissants des pays \u00e9num\u00e9r\u00e9s ci-dessous peuvent obtenir un visa \u00e9lectronique\u00a0en soumettant une demande via le portail \u00e9gyptien des visas \u00e9lectroniques.<\/span><\/p><table width=\"744\"><tbody><tr><td width=\"150\"><p><span style=\"color: #000080;\"><strong>Albanie<\/strong><\/span><\/p><\/td><td width=\"330\"><p><span style=\"color: #000080;\"><strong>Argentine<\/strong><\/span><\/p><\/td><td width=\"138\"><p><span style=\"color: #000080;\"><strong>Arm\u00e9nie<\/strong><\/span><\/p><\/td><td width=\"126\"><p><span style=\"color: #000080;\"><strong>Australie<\/strong><\/span><\/p><\/td><\/tr><tr><td width=\"150\"><p><span style=\"color: #000080;\"><strong>Autriche<\/strong><\/span><\/p><\/td><td width=\"330\"><p><span style=\"color: #000080;\"><strong>Azerba\u00efdjan<\/strong><\/span><\/p><\/td><td width=\"138\"><p><span style=\"color: #000080;\"><strong>Bahre\u00efn<\/strong><\/span><\/p><\/td><td width=\"126\"><p><span style=\"color: #000080;\"><strong>Bi\u00e9lorussie<\/strong><\/span><\/p><\/td><\/tr><tr><td width=\"150\"><p><span style=\"color: #000080;\"><strong>Belgique<\/strong><\/span><\/p><\/td><td width=\"330\"><p><span style=\"color: #000080;\"><strong>Bolivie<\/strong><\/span><\/p><\/td><td width=\"138\"><p><span style=\"color: #000080;\"><strong>Bosnie et Herz\u00e9govine<\/strong><\/span><\/p><\/td><td width=\"126\"><p><span style=\"color: #000080;\"><strong>Br\u00e9sil<\/strong><\/span><\/p><\/td><\/tr><tr><td width=\"150\"><p><span style=\"color: #000080;\"><strong>Bulgarie<\/strong><\/span><\/p><\/td><td width=\"330\"><p><span style=\"color: #000080;\"><strong>Canada<\/strong><\/span><\/p><\/td><td width=\"138\"><p><span style=\"color: #000080;\"><strong>Chili<\/strong><\/span><\/p><\/td><td width=\"126\"><p><span style=\"color: #000080;\"><strong>Chine<\/strong><\/span><\/p><\/td><\/tr><tr><td width=\"150\"><p><span style=\"color: #000080;\"><strong>Chine\/Ta\u00efwan<\/strong><\/span><\/p><\/td><td width=\"330\"><p><span style=\"color: #000080;\"><strong>Colombie<\/strong><\/span><\/p><\/td><td width=\"138\"><p><span style=\"color: #000080;\"><strong>Chypre<\/strong><\/span><\/p><\/td><td width=\"126\"><p><span style=\"color: #000080;\"><strong>Chypre<\/strong><\/span><\/p><\/td><\/tr><tr><td width=\"150\"><p><span style=\"color: #000080;\"><strong>Chypre<\/strong><\/span><\/p><\/td><td width=\"330\"><p><span style=\"color: #000080;\"><strong>Danemark<\/strong><\/span><\/p><\/td><td width=\"138\"><p><span style=\"color: #000080;\"><strong>\u00c9quateur<\/strong><\/span><\/p><\/td><td width=\"126\"><p><span style=\"color: #000080;\"><strong>Estonie<\/strong><\/span><\/p><\/td><\/tr><tr><td width=\"150\"><p><span style=\"color: #000080;\"><strong>Finlande<\/strong><\/span><\/p><\/td><td width=\"330\"><p><span style=\"color: #000080;\"><strong>France<\/strong><\/span><\/p><\/td><td width=\"138\"><p><span style=\"color: #000080;\"><strong>G\u00e9orgie<\/strong><\/span><\/p><\/td><td width=\"126\"><p><span style=\"color: #000080;\"><strong>Allemagne<\/strong><\/span><\/p><\/td><\/tr><tr><td width=\"150\"><p><span style=\"color: #000080;\"><strong>Gr\u00e8ce<\/strong><\/span><\/p><\/td><td width=\"330\"><p><span style=\"color: #000080;\"><strong>Hongrie<\/strong><\/span><\/p><\/td><td width=\"138\"><p><span style=\"color: #000080;\"><strong>Inde<\/strong><\/span><\/p><\/td><td width=\"126\"><p><span style=\"color: #000080;\"><strong>Inde (en anglais)<\/strong><\/span><\/p><\/td><\/tr><tr><td width=\"150\"><p><span style=\"color: #000080;\"><strong>Irak<\/strong><\/span><\/p><\/td><td width=\"330\"><p><span style=\"color: #000080;\"><strong>Irlande<\/strong><\/span><\/p><\/td><td width=\"138\"><p><span style=\"color: #000080;\"><strong>Italie<\/strong><\/span><\/p><\/td><td width=\"126\"><p><span style=\"color: #000080;\"><strong>Japon<\/strong><\/span><\/p><\/td><\/tr><tr><td width=\"150\"><p><span style=\"color: #000080;\"><strong>Kazakhstan<\/strong><\/span><\/p><\/td><td width=\"330\"><p><span style=\"color: #000080;\"><strong>Cor\u00e9e (Sud)<\/strong><\/span><\/p><\/td><td width=\"138\"><p><span style=\"color: #000080;\"><strong>Kowe\u00eft<\/strong><\/span><\/p><\/td><td width=\"126\"><p><span style=\"color: #000080;\"><strong>Lettonie<\/strong><\/span><\/p><\/td><\/tr><tr><td width=\"150\"><p><span style=\"color: #000080;\"><strong>Lituanie<\/strong><\/span><\/p><\/td><td width=\"330\"><p><span style=\"color: #000080;\"><strong>Lituanie<\/strong><\/span><\/p><\/td><td width=\"138\"><p><span style=\"color: #000080;\"><strong>Mac\u00e9doine<\/strong><\/span><\/p><\/td><td width=\"126\"><p><span style=\"color: #000080;\"><strong>Malaisie<\/strong><\/span><\/p><\/td><\/tr><tr><td width=\"150\"><p><span style=\"color: #000080;\"><strong>Malaisie<\/strong><\/span><\/p><\/td><td width=\"330\"><p><span style=\"color: #000080;\"><strong>Mexique<\/strong><\/span><\/p><\/td><td width=\"138\"><p><span style=\"color: #000080;\"><strong>Moldavie<\/strong><\/span><\/p><\/td><td width=\"126\"><p><span style=\"color: #000080;\"><strong>Monaco<\/strong><\/span><\/p><\/td><\/tr><tr><td width=\"150\"><p><span style=\"color: #000080;\"><strong>Mont\u00e9n\u00e9gro<\/strong><\/span><\/p><\/td><td width=\"330\"><p><span style=\"color: #000080;\"><strong>Pays-Bas<\/strong><\/span><\/p><\/td><td width=\"138\"><p><span style=\"color: #000080;\"><strong>Nouvelle Z\u00e9lande<\/strong><\/span><\/p><\/td><td width=\"126\"><p><span style=\"color: #000080;\"><strong>Nouvelle-Z\u00e9lande<\/strong><\/span><\/p><\/td><\/tr><tr><td width=\"150\"><p><span style=\"color: #000080;\"><strong>Oman<\/strong><\/span><\/p><\/td><td width=\"330\"><p><span style=\"color: #000080;\"><strong>Paraguay<\/strong><\/span><\/p><\/td><td width=\"138\"><p><span style=\"color: #000080;\"><strong>P\u00e9rou<\/strong><\/span><\/p><\/td><td width=\"126\"><p><span style=\"color: #000080;\"><strong>Pologne<\/strong><\/span><\/p><\/td><\/tr><tr><td width=\"150\"><p><span style=\"color: #000080;\"><strong>Portugal<\/strong><\/span><\/p><\/td><td width=\"330\"><p><span style=\"color: #000080;\"><strong>Qatar<\/strong><\/span><\/p><\/td><td width=\"138\"><p><span style=\"color: #000080;\"><strong>R\u00e9publique du Kosovo<\/strong><\/span><\/p><\/td><td width=\"126\"><p><span style=\"color: #000080;\"><strong>Roumanie<\/strong><\/span><\/p><\/td><\/tr><tr><td width=\"150\"><p><span style=\"color: #000080;\"><strong>F\u00e9d\u00e9ration de Russie<\/strong><\/span><\/p><\/td><td width=\"330\"><p><span style=\"color: #000080;\"><strong>Saint-Marin<\/strong><\/span><\/p><\/td><td width=\"138\"><p><span style=\"color: #000080;\"><strong>Arabie Saoudite<\/strong><\/span><\/p><\/td><td width=\"126\"><p><span style=\"color: #000080;\"><strong>Serbie<\/strong><\/span><\/p><\/td><\/tr><tr><td width=\"150\"><p><span style=\"color: #000080;\"><strong>Singapour<\/strong><\/span><\/p><\/td><td width=\"330\"><p><span style=\"color: #000080;\"><strong>Slovaquie<\/strong><\/span><\/p><\/td><td width=\"138\"><p><span style=\"color: #000080;\"><strong>Slov\u00e9nie<\/strong><\/span><\/p><\/td><td width=\"126\"><p><span style=\"color: #000080;\"><strong>Afrique du Sud<\/strong><\/span><\/p><\/td><\/tr><tr><td width=\"150\"><p><span style=\"color: #000080;\"><strong>Espagne<\/strong><\/span><\/p><\/td><td width=\"330\"><p><span style=\"color: #000080;\"><strong>Su\u00e8de<\/strong><\/span><\/p><\/td><td width=\"138\"><p><span style=\"color: #000080;\"><strong>Suisse (en anglais)<\/strong><\/span><\/p><\/td><td width=\"126\"><p><span style=\"color: #000080;\"><strong>Ukraine<\/strong><\/span><\/p><\/td><\/tr><tr><td width=\"150\"><p><span style=\"color: #000080;\"><strong>Emirats Arabes Unis<\/strong><\/span><\/p><\/td><td width=\"330\"><p><span style=\"color: #000080;\"><strong>Royaume-Uni (Angleterre, Irlande du Nord, \u00c9cosse et Pays de Galles)<\/strong><\/span><\/p><\/td><td width=\"138\"><p><span style=\"color: #000080;\"><strong>\u00c9tats-Unis d&#8217;Am\u00e9rique<\/strong><\/span><\/p><\/td><td width=\"126\"><p><span style=\"color: #000080;\"><strong>Uruguay<\/strong><\/span><\/p><\/td><\/tr><tr><td width=\"150\"><p><span style=\"color: #000080;\"><strong>Vatican<\/strong><\/span><\/p><\/td><td width=\"330\"><p><span style=\"color: #000080;\"><strong>Venezuela<\/strong><\/span><\/p><\/td><td width=\"138\"><p><strong>\u00a0<\/strong><\/p><\/td><td width=\"126\"><p><strong>\u00a0<\/strong><\/p><\/td><\/tr><\/tbody><\/table><p><span style=\"color: #0000ff;\"><strong><u>Autorisation de S\u00e9curit\u00e9<\/u><\/strong><\/span><\/p><p>\u00c0 l&#8217;exception des pays list\u00e9s dans le tableau ci-dessus, les participants de tous les autres pays doivent envoyer une copie de leur passeport pour obtenir une habilitation de s\u00e9curit\u00e9 <strong>sans<\/strong> se rendre \u00e0 l&#8217;ambassade de la R\u00e9publique Arabe d&#8217;\u00c9gypte, afin de simplifier le processus et de gagner du temps.<\/p><p>En cons\u00e9quence, leurs passeports doivent \u00eatre soumis par le Comit\u00e9 d\u2019Organisation ou par leurs compagnies respectives \u00e0 l&#8217;Autorit\u00e9 des passeports et de l&#8217;immigration en \u00c9gypte pour approbation de s\u00e9curit\u00e9.<\/p><p>La date limite pour recevoir ces demandes est le <span style=\"color: #0000ff;\"><strong>10 Mai 2026<\/strong>,<\/span> afin de laisser suffisamment de temps pour traiter l&#8217;habilitation de s\u00e9curit\u00e9 requise.<\/p><p><span style=\"color: #0000ff;\"><strong><u>Obligation de visa Schengen<\/u><\/strong><\/span><\/p><p>\u200bLes titulaires d&#8217;un visa Schengen en cours de validit\u00e9 et d\u00e9j\u00e0 utilis\u00e9 peuvent entrer \u00e0 l&#8217;a\u00e9roport international du Caire et \u00e0 l&#8217;a\u00e9roport international de Charm el-Cheikh sans avoir besoin d&#8217;obtenir un visa d&#8217;entr\u00e9e, \u00e0 l&#8217;exception des ressortissants des pays suivants : Syrie, Irak, Mali, Iran, Turquie, Palestine, Afghanistan, \u00c9thiopie et Niger.<\/p><p>Les ressortissants des pays suivants, titulaires d&#8217;un visa Schengen en cours de validit\u00e9, peuvent entrer directement \u00e0 l&#8217;a\u00e9roport international de Charm el-Cheikh : Chine, Inde, Pakistan, Turquie, Maroc et Alg\u00e9rie.<\/p>\t\t\t\t\t\t\t\t<\/div>\n\t\t\t\t<\/div>\n\t\t\t\t\t<\/div>\n\t\t\t\t<\/div>\n\t\t<div class=\"elementor-element elementor-element-b9f1728 e-flex e-con-boxed e-con e-parent\" data-id=\"b9f1728\" data-element_type=\"container\" data-e-type=\"container\">\n\t\t\t\t\t<div class=\"e-con-inner\">\n\t\t\t\t<div class=\"elementor-element elementor-element-6717521 elementor-widget elementor-widget-image\" data-id=\"6717521\" data-element_type=\"widget\" data-e-type=\"widget\" data-settings=\"{&quot;ekit_we_effect_on&quot;:&quot;none&quot;}\" data-widget_type=\"image.default\">\n\t\t\t\t<div class=\"elementor-widget-container\">\n\t\t\t\t\t\t\t\t\t\t\t\t\t\t\t<img decoding=\"async\" width=\"630\" height=\"157\" src=\"https:\/\/cairo2026.aio-events.org\/wp-content\/uploads\/sites\/5\/2025\/11\/Evisa-egypt.png\" class=\"attachment-large size-large wp-image-5114\" alt=\"\" srcset=\"https:\/\/cairo2026.aio-events.org\/wp-content\/uploads\/sites\/5\/2025\/11\/Evisa-egypt.png 630w, https:\/\/cairo2026.aio-events.org\/wp-content\/uploads\/sites\/5\/2025\/11\/Evisa-egypt-300x75.png 300w\" sizes=\"(max-width: 630px) 100vw, 630px\" \/>\t\t\t\t\t\t\t\t\t\t\t\t\t\t\t<\/div>\n\t\t\t\t<\/div>\n\t\t\t\t\t<\/div>\n\t\t\t\t<\/div>\n\t\t<div class=\"elementor-element elementor-element-3f23426 e-flex e-con-boxed e-con e-parent\" data-id=\"3f23426\" data-element_type=\"container\" data-e-type=\"container\">\n\t\t\t\t\t<div class=\"e-con-inner\">\n\t\t\t\t<div class=\"elementor-element elementor-element-339be9f elementor-widget elementor-widget-text-editor\" data-id=\"339be9f\" data-element_type=\"widget\" data-e-type=\"widget\" data-settings=\"{&quot;ekit_we_effect_on&quot;:&quot;none&quot;}\" data-widget_type=\"text-editor.default\">\n\t\t\t\t<div class=\"elementor-widget-container\">\n\t\t\t\t\t\t\t\t\t<p><span style=\"color: #0000ff;\"><strong><u>Conditions d&#8217;obtention d&#8217;un Visa Electronique<\/u><\/strong><\/span><\/p><p>Un ressortissant \u00e9tranger souhaitant entrer en R\u00e9publique Arabe d&#8217;\u00c9gypte doit d&#8217;abord obtenir un visa \u00e9lectronique par l&#8217;interm\u00e9diaire du portail des visas \u00e9lectroniques de l&#8217;\u00c9gypte.<\/p><p>Un visa \u00e9lectronique peut \u00eatre d\u00e9livr\u00e9 aux citoyens de certains pays sur pr\u00e9sentation d&#8217;une demande via le portail \u00e9gyptien des visas \u00e9lectroniques.<\/p><p><strong>Pour plus d&#8217;informations, <\/strong><a href=\"https:\/\/www.visa2egypt.gov.eg\/eVisa\/FAQ?VISTK=JCQE-2KZD-0LX2-0708-804G-M9FJ-DQJ4-7XSY-BC35-134G-WU17-IGZE-O6KA-4M0V-1ADP-H6S5\"><strong>cliquez ici<\/strong><\/a><strong>. <\/strong><\/p><p><strong><span style=\"color: #0000ff;\"><u>Informations G\u00e9n\u00e9rales :<\/u><\/span><\/strong><\/p><p><em>Pour tous les autres pays, les demandes de lettres d&#8217;invitation doivent \u00eatre soumises par l&#8217;interm\u00e9diaire du comit\u00e9 organisateur ou de la soci\u00e9t\u00e9 du participant, et non directement par le participant.<\/em><\/p><p><em>Veuillez noter que la r\u00e9servation de votre vol aupr\u00e8s d&#8217;EgyptAir permet d&#8217;\u00e9viter les difficult\u00e9s potentielles qui peuvent survenir lors de l&#8217;embarquement avec d&#8217;autres compagnies a\u00e9riennes \u00e0 destination de l&#8217;\u00c9gypte. En tant que transporteur national, EgyptAir est en mesure de faciliter et de r\u00e9soudre de nombreux probl\u00e8mes que les passagers peuvent rencontrer avec d&#8217;autres compagnies a\u00e9riennes, en particulier pour les ressortissants du Ghana, du Nigeria et de l&#8217;\u00c9thiopie.<\/em><\/p><p><strong>Pour une lettre d&#8217;invitation ou toute demande de renseignements, veuillez contacter le <span style=\"color: #0000ff;\">Dr. Ashraf Mohamed Abdel Salam<\/span>.<\/strong><\/p><p><strong>Mobile : +201115000953 \/ +201030008247<\/strong><\/p><p><strong>Courriel : <\/strong><a href=\"mailto:aio.visa@ifegy.net\"><strong>aio.visa@ifegy.net<\/strong><\/a><\/p>\t\t\t\t\t\t\t\t<\/div>\n\t\t\t\t<\/div>\n\t\t\t\t\t<\/div>\n\t\t\t\t<\/div>\n\t\t\t\t<\/div>\n\t\t","protected":false},"excerpt":{"rendered":"<p>Tous les pays sont tenus de demander un visa pour entrer en R\u00e9publique Arabe d&#8217;\u00c9gypte, \u00e0 l&#8217;exception de ceux dont les ressortissants peuvent obtenir un visa \u00e9lectronique ou un visa \u00e0 l&#8217;arriv\u00e9e, comme indiqu\u00e9 dans le tableau ci-dessous. Les ressortissants des pays \u00e9num\u00e9r\u00e9s ci-dessous peuvent obtenir un visa \u00e9lectronique\u00a0en soumettant une demande via le portail [&hellip;]<\/p>\n","protected":false},"author":2,"featured_media":0,"parent":0,"menu_order":0,"comment_status":"closed","ping_status":"closed","template":"","meta":{"nf_dc_page":"","footnotes":""},"class_list":["post-2900","page","type-page","status-publish","hentry"],"_links":{"self":[{"href":"https:\/\/cairo2026.aio-events.org\/fr\/wp-json\/wp\/v2\/pages\/2900","targetHints":{"allow":["GET"]}}],"collection":[{"href":"https:\/\/cairo2026.aio-events.org\/fr\/wp-json\/wp\/v2\/pages"}],"about":[{"href":"https:\/\/cairo2026.aio-events.org\/fr\/wp-json\/wp\/v2\/types\/page"}],"author":[{"embeddable":true,"href":"https:\/\/cairo2026.aio-events.org\/fr\/wp-json\/wp\/v2\/users\/2"}],"replies":[{"embeddable":true,"href":"https:\/\/cairo2026.aio-events.org\/fr\/wp-json\/wp\/v2\/comments?post=2900"}],"version-history":[{"count":27,"href":"https:\/\/cairo2026.aio-events.org\/fr\/wp-json\/wp\/v2\/pages\/2900\/revisions"}],"predecessor-version":[{"id":6007,"href":"https:\/\/cairo2026.aio-events.org\/fr\/wp-json\/wp\/v2\/pages\/2900\/revisions\/6007"}],"wp:attachment":[{"href":"https:\/\/cairo2026.aio-events.org\/fr\/wp-json\/wp\/v2\/media?parent=2900"}],"curies":[{"name":"wp","href":"https:\/\/api.w.org\/{rel}","templated":true}]}}